{"id":266,"date":"2022-06-29T13:27:16","date_gmt":"2022-06-29T10:27:16","guid":{"rendered":"http:\/\/aymobilya.fr\/?page_id=266"},"modified":"2022-06-29T21:19:03","modified_gmt":"2022-06-29T18:19:03","slug":"portfoy-copy-2-copy","status":"publish","type":"page","link":"http:\/\/aymobilya.fr\/?page_id=266","title":{"rendered":"BAMB\u0130 BA\u015eLIK"},"content":{"rendered":"\n<div class=\"wp-block-cover alignfull\" style=\"min-height:149px\"><span aria-hidden=\"true\" class=\"wp-block-cover__background has-nv-site-bg-background-color has-background-dim-100 has-background-dim\"><\/span><div class=\"wp-block-cover__inner-container\">\n<div class=\"wp-container-1 wp-block-group\"><div class=\"wp-block-group__inner-container\">\n<h1 class=\"has-text-align-left has-neve-text-color-color has-text-color\">BAMB\u0130 BA\u015eLIK<\/h1>\n<\/div><\/div>\n<\/div><\/div>\n\n\n\n<div class=\"wp-block-cover alignfull\" style=\"min-height:4333px\"><span aria-hidden=\"true\" class=\"wp-block-cover__background has-nv-site-bg-background-color has-background-dim\"><\/span><div class=\"wp-block-cover__inner-container\">\n<div class=\"wp-container-7 wp-block-group\"><div class=\"wp-block-group__inner-container\">\n<div class=\"wp-container-6 wp-block-columns are-vertically-aligned-center\">\n<div class=\"wp-container-3 wp-block-column is-vertically-aligned-center\" style=\"flex-basis:50%\">\n<h3 class=\"has-text-align-center has-neve-text-color-color has-text-color\">Clima Naturel Yatak<\/h3>\n\n\n\n<figure class=\"wp-block-image size-large\"><img loading=\"lazy\" width=\"1024\" height=\"683\" src=\"http:\/\/aymobilya.fr\/wp-content\/uploads\/2022\/06\/clima-natural-yatak-1-1024x683.jpg\" alt=\"\" class=\"wp-image-154\" srcset=\"http:\/\/aymobilya.fr\/wp-content\/uploads\/2022\/06\/clima-natural-yatak-1-1024x683.jpg 1024w, http:\/\/aymobilya.fr\/wp-content\/uploads\/2022\/06\/clima-natural-yatak-1-300x200.jpg 300w, http:\/\/aymobilya.fr\/wp-content\/uploads\/2022\/06\/clima-natural-yatak-1-768x512.jpg 768w, http:\/\/aymobilya.fr\/wp-content\/uploads\/2022\/06\/clima-natural-yatak-1-930x620.jpg 930w, http:\/\/aymobilya.fr\/wp-content\/uploads\/2022\/06\/clima-natural-yatak-1.jpg 1500w\" sizes=\"(max-width: 1024px) 100vw, 1024px\" \/><\/figure>\n\n\n\n<p class=\"has-text-align-center has-neve-text-color-color has-text-color\">Yaz gecelerinizi serin, k\u0131\u015f gecelerinizi s\u0131cac\u0131k ge\u00e7irmenize imkan sa\u011flayan \u00e7ift tarafl\u0131 kullan\u0131m\u0131yla Clima Naturel Yatak kar\u015f\u0131n\u0131zda&#8230;<\/p>\n\n\n\n<div class=\"wp-container-2 is-content-justification-center wp-block-buttons\">\n<div class=\"wp-block-button is-style-primary\"><a class=\"wp-block-button__link\" href=\"#\">\u00dcR\u00dcN DETAYI<\/a><\/div>\n<\/div>\n<\/div>\n\n\n\n<div class=\"wp-container-5 wp-block-column is-vertically-aligned-center\" style=\"flex-basis:50%\">\n<h3 class=\"has-text-align-center has-neve-text-color-color has-text-color\">Royal Craft Yatak<\/h3>\n\n\n\n<figure class=\"wp-block-image size-large is-resized\"><img loading=\"lazy\" src=\"http:\/\/aymobilya.fr\/wp-content\/uploads\/2022\/06\/Royal-Craft-Yatak-1-1024x683.jpg\" alt=\"\" class=\"wp-image-159\" width=\"726\" height=\"483\" srcset=\"http:\/\/aymobilya.fr\/wp-content\/uploads\/2022\/06\/Royal-Craft-Yatak-1-1024x683.jpg 1024w, http:\/\/aymobilya.fr\/wp-content\/uploads\/2022\/06\/Royal-Craft-Yatak-1-300x200.jpg 300w, http:\/\/aymobilya.fr\/wp-content\/uploads\/2022\/06\/Royal-Craft-Yatak-1-768x512.jpg 768w, http:\/\/aymobilya.fr\/wp-content\/uploads\/2022\/06\/Royal-Craft-Yatak-1-930x620.jpg 930w, http:\/\/aymobilya.fr\/wp-content\/uploads\/2022\/06\/Royal-Craft-Yatak-1.jpg 1500w\" sizes=\"(max-width: 726px) 100vw, 726px\" \/><\/figure>\n\n\n\n<p class=\"has-text-align-center has-neve-text-color-color has-text-color\">\u0130ncelikli el eme\u011finin, g\u00fcncel teknoloji ile b\u00fct\u00fcnle\u015fti\u011fi Royal Craft Yatak, uyku anlay\u0131\u015f\u0131nda yeni bir estetik sunuyor\u2026<\/p>\n\n\n\n<div class=\"wp-container-4 is-content-justification-center wp-block-buttons\">\n<div class=\"wp-block-button is-style-primary\"><a class=\"wp-block-button__link\" href=\"#\">\u00dcR\u00dcN DETAYI<\/a><\/div>\n<\/div>\n<\/div>\n<\/div>\n\n\n\n<div style=\"height:40px\" aria-hidden=\"true\" class=\"wp-block-spacer\"><\/div>\n<\/div><\/div>\n\n\n\n<div class=\"wp-container-13 wp-block-group\"><div class=\"wp-block-group__inner-container\">\n<div class=\"wp-container-12 wp-block-columns are-vertically-aligned-center\">\n<div class=\"wp-container-9 wp-block-column is-vertically-aligned-center\" style=\"flex-basis:50%\">\n<h3 class=\"has-text-align-center has-neve-text-color-color has-text-color\">Kapok Naturel Yatak<\/h3>\n\n\n\n<figure class=\"wp-block-image size-large\"><img loading=\"lazy\" width=\"1024\" height=\"683\" src=\"http:\/\/aymobilya.fr\/wp-content\/uploads\/2022\/06\/Kapok-Naturel-Yatak_1-1024x683.jpg\" alt=\"\" class=\"wp-image-186\" srcset=\"http:\/\/aymobilya.fr\/wp-content\/uploads\/2022\/06\/Kapok-Naturel-Yatak_1-1024x683.jpg 1024w, http:\/\/aymobilya.fr\/wp-content\/uploads\/2022\/06\/Kapok-Naturel-Yatak_1-300x200.jpg 300w, http:\/\/aymobilya.fr\/wp-content\/uploads\/2022\/06\/Kapok-Naturel-Yatak_1-768x512.jpg 768w, http:\/\/aymobilya.fr\/wp-content\/uploads\/2022\/06\/Kapok-Naturel-Yatak_1-930x620.jpg 930w, http:\/\/aymobilya.fr\/wp-content\/uploads\/2022\/06\/Kapok-Naturel-Yatak_1.jpg 1500w\" sizes=\"(max-width: 1024px) 100vw, 1024px\" \/><\/figure>\n\n\n\n<p class=\"has-text-align-center has-neve-text-color-color has-text-color\">Do\u011fal, Kaliteli ve Sa\u011fl\u0131kl\u0131 Uyku i\u00e7in Kapok Naturel Yatak&#8230; Do\u011fan\u0131n mucizesi her g\u00fcn sizinle&#8230;<\/p>\n\n\n\n<div class=\"wp-container-8 is-content-justification-center wp-block-buttons\">\n<div class=\"wp-block-button is-style-primary\"><a class=\"wp-block-button__link\" href=\"#\">\u00dcR\u00dcN DETAYI<\/a><\/div>\n<\/div>\n<\/div>\n\n\n\n<div class=\"wp-container-11 wp-block-column is-vertically-aligned-center\" style=\"flex-basis:50%\">\n<h3 class=\"has-text-align-center has-neve-text-color-color has-text-color\">Nirvana Yatak<\/h3>\n\n\n\n<figure class=\"wp-block-image size-large\"><img loading=\"lazy\" width=\"1024\" height=\"683\" src=\"http:\/\/aymobilya.fr\/wp-content\/uploads\/2022\/06\/product_gallery_2021-12-14_11-39-432-1024x683.jpg\" alt=\"\" class=\"wp-image-190\" srcset=\"http:\/\/aymobilya.fr\/wp-content\/uploads\/2022\/06\/product_gallery_2021-12-14_11-39-432-1024x683.jpg 1024w, http:\/\/aymobilya.fr\/wp-content\/uploads\/2022\/06\/product_gallery_2021-12-14_11-39-432-300x200.jpg 300w, http:\/\/aymobilya.fr\/wp-content\/uploads\/2022\/06\/product_gallery_2021-12-14_11-39-432-768x512.jpg 768w, http:\/\/aymobilya.fr\/wp-content\/uploads\/2022\/06\/product_gallery_2021-12-14_11-39-432-930x620.jpg 930w, http:\/\/aymobilya.fr\/wp-content\/uploads\/2022\/06\/product_gallery_2021-12-14_11-39-432.jpg 1500w\" sizes=\"(max-width: 1024px) 100vw, 1024px\" \/><\/figure>\n\n\n\n<p class=\"has-text-align-center has-neve-text-color-color has-text-color\">\u00c7ift Paket Yay Sistemi ile Daha \u0130yi Uyku, Daha Diren\u00e7li V\u00fccut&#8230;<\/p>\n\n\n\n<div class=\"wp-container-10 is-content-justification-center wp-block-buttons\">\n<div class=\"wp-block-button is-style-primary\"><a class=\"wp-block-button__link\" href=\"#\">\u00dcR\u00dcN DETAYI<\/a><\/div>\n<\/div>\n<\/div>\n<\/div>\n\n\n\n<div style=\"height:40px\" aria-hidden=\"true\" class=\"wp-block-spacer\"><\/div>\n<\/div><\/div>\n\n\n\n<div class=\"wp-container-19 wp-block-group\"><div class=\"wp-block-group__inner-container\">\n<div class=\"wp-container-18 wp-block-columns are-vertically-aligned-center\">\n<div class=\"wp-container-15 wp-block-column is-vertically-aligned-center\" style=\"flex-basis:50%\">\n<h3 class=\"has-text-align-center has-neve-text-color-color has-text-color\">Safecare Yatak<\/h3>\n\n\n\n<figure class=\"wp-block-image size-large\"><img loading=\"lazy\" width=\"1024\" height=\"683\" src=\"http:\/\/aymobilya.fr\/wp-content\/uploads\/2022\/06\/product_gallery_2021-08-29_19-26-296-1024x683.jpg\" alt=\"\" class=\"wp-image-234\" srcset=\"http:\/\/aymobilya.fr\/wp-content\/uploads\/2022\/06\/product_gallery_2021-08-29_19-26-296-1024x683.jpg 1024w, http:\/\/aymobilya.fr\/wp-content\/uploads\/2022\/06\/product_gallery_2021-08-29_19-26-296-300x200.jpg 300w, http:\/\/aymobilya.fr\/wp-content\/uploads\/2022\/06\/product_gallery_2021-08-29_19-26-296-768x512.jpg 768w, http:\/\/aymobilya.fr\/wp-content\/uploads\/2022\/06\/product_gallery_2021-08-29_19-26-296-930x620.jpg 930w, http:\/\/aymobilya.fr\/wp-content\/uploads\/2022\/06\/product_gallery_2021-08-29_19-26-296.jpg 1500w\" sizes=\"(max-width: 1024px) 100vw, 1024px\" \/><\/figure>\n\n\n\n<p class=\"has-text-align-center has-neve-text-color-color has-text-color\">Bonel Yay Sistemi ile v\u00fccut a\u011f\u0131rl\u0131\u011f\u0131n\u0131n yo\u011funla\u015ft\u0131\u011f\u0131 b\u00f6lgelerde \u00e7\u00f6kme olas\u0131l\u0131\u011f\u0131n\u0131n azalmas\u0131na yard\u0131mc\u0131 olur. Sert veya orta sert zeminde yatmaktan keyif alan ki\u015filer i\u00e7in Safe Care Yatak&#8230;<\/p>\n\n\n\n<div class=\"wp-container-14 is-content-justification-center wp-block-buttons\">\n<div class=\"wp-block-button is-style-primary\"><a class=\"wp-block-button__link\" href=\"#\">\u00dcR\u00dcN DETAYI<\/a><\/div>\n<\/div>\n<\/div>\n\n\n\n<div class=\"wp-container-17 wp-block-column is-vertically-aligned-center\" style=\"flex-basis:50%\">\n<h3 class=\"has-text-align-center has-neve-text-color-color has-text-color\">Golden Prime Yatak<\/h3>\n\n\n\n<figure class=\"wp-block-image size-large\"><img loading=\"lazy\" width=\"1024\" height=\"683\" src=\"http:\/\/aymobilya.fr\/wp-content\/uploads\/2022\/06\/product_gallery_2021-08-29_19-21-205-1024x683.jpg\" alt=\"\" class=\"wp-image-231\" srcset=\"http:\/\/aymobilya.fr\/wp-content\/uploads\/2022\/06\/product_gallery_2021-08-29_19-21-205-1024x683.jpg 1024w, http:\/\/aymobilya.fr\/wp-content\/uploads\/2022\/06\/product_gallery_2021-08-29_19-21-205-300x200.jpg 300w, http:\/\/aymobilya.fr\/wp-content\/uploads\/2022\/06\/product_gallery_2021-08-29_19-21-205-768x512.jpg 768w, http:\/\/aymobilya.fr\/wp-content\/uploads\/2022\/06\/product_gallery_2021-08-29_19-21-205-930x620.jpg 930w, http:\/\/aymobilya.fr\/wp-content\/uploads\/2022\/06\/product_gallery_2021-08-29_19-21-205.jpg 1500w\" sizes=\"(max-width: 1024px) 100vw, 1024px\" \/><\/figure>\n\n\n\n<p class=\"has-text-align-center has-neve-text-color-color has-text-color\">Sert veya orta sert zeminde yatmaktan keyif alanlara \u00f6zel Golden Prime Yatak ile tan\u0131\u015f\u0131n&#8230;<\/p>\n\n\n\n<div class=\"wp-container-16 is-content-justification-center wp-block-buttons\">\n<div class=\"wp-block-button is-style-primary\"><a class=\"wp-block-button__link\" href=\"#\">\u00dcR\u00dcN DETAYI<\/a><\/div>\n<\/div>\n<\/div>\n<\/div>\n\n\n\n<div style=\"height:40px\" aria-hidden=\"true\" class=\"wp-block-spacer\"><\/div>\n<\/div><\/div>\n<\/div><\/div>\n\n\n\n<div class=\"wp-block-cover alignfull\" style=\"min-height:300px\"><span aria-hidden=\"true\" class=\"wp-block-cover__background has-nv-dark-bg-background-color has-background-dim-100 has-background-dim\"><\/span><div class=\"wp-block-cover__inner-container\">\n<div style=\"height:80px\" aria-hidden=\"true\" class=\"wp-block-spacer\"><\/div>\n\n\n<div class=\"wp-block-image is-style-rounded\">\n<figure class=\"aligncenter size-full is-resized\"><img loading=\"lazy\" src=\"http:\/\/aymobilya.fr\/wp-content\/uploads\/2022\/06\/yilmaz-balta-1.jpeg\" alt=\"\" class=\"wp-image-179\" width=\"-1074\" height=\"-1074\" srcset=\"http:\/\/aymobilya.fr\/wp-content\/uploads\/2022\/06\/yilmaz-balta-1.jpeg 640w, http:\/\/aymobilya.fr\/wp-content\/uploads\/2022\/06\/yilmaz-balta-1-300x300.jpeg 300w, http:\/\/aymobilya.fr\/wp-content\/uploads\/2022\/06\/yilmaz-balta-1-150x150.jpeg 150w\" sizes=\"(max-width: 640px) 100vw, 640px\" \/><\/figure><\/div>\n\n\n<p class=\"has-text-align-center has-nv-text-dark-bg-color has-text-color\">\u201cWhat is the point of being alive if you don\u2019t at least <br>try to do something remarkable?\u201d<\/p>\n\n\n\n<p class=\"has-text-align-center has-nv-text-dark-bg-color has-text-color\" style=\"font-size:14px\">YILMAZ BALTA<\/p>\n\n\n\n<div style=\"height:80px\" aria-hidden=\"true\" class=\"wp-block-spacer\"><\/div>\n<\/div><\/div>\n","protected":false},"excerpt":{"rendered":"","protected":false},"author":2,"featured_media":98,"parent":0,"menu_order":0,"comment_status":"closed","ping_status":"closed","template":"","meta":{"om_disable_all_campaigns":false,"_monsterinsights_skip_tracking":false,"_monsterinsights_sitenote_active":false,"_monsterinsights_sitenote_note":"","_monsterinsights_sitenote_category":0,"neve_meta_sidebar":"","neve_meta_container":"","neve_meta_enable_content_width":"on","neve_meta_content_width":100,"neve_meta_title_alignment":"","neve_meta_author_avatar":"","neve_post_elements_order":"","neve_meta_disable_header":"","neve_meta_disable_footer":"","neve_meta_disable_title":"on"},"_links":{"self":[{"href":"http:\/\/aymobilya.fr\/index.php?rest_route=\/wp\/v2\/pages\/266"}],"collection":[{"href":"http:\/\/aymobilya.fr\/index.php?rest_route=\/wp\/v2\/pages"}],"about":[{"href":"http:\/\/aymobilya.fr\/index.php?rest_route=\/wp\/v2\/types\/page"}],"author":[{"embeddable":true,"href":"http:\/\/aymobilya.fr\/index.php?rest_route=\/wp\/v2\/users\/2"}],"replies":[{"embeddable":true,"href":"http:\/\/aymobilya.fr\/index.php?rest_route=%2Fwp%2Fv2%2Fcomments&post=266"}],"version-history":[{"count":3,"href":"http:\/\/aymobilya.fr\/index.php?rest_route=\/wp\/v2\/pages\/266\/revisions"}],"predecessor-version":[{"id":290,"href":"http:\/\/aymobilya.fr\/index.php?rest_route=\/wp\/v2\/pages\/266\/revisions\/290"}],"wp:featuredmedia":[{"embeddable":true,"href":"http:\/\/aymobilya.fr\/index.php?rest_route=\/wp\/v2\/media\/98"}],"wp:attachment":[{"href":"http:\/\/aymobilya.fr\/index.php?rest_route=%2Fwp%2Fv2%2Fmedia&parent=266"}],"curies":[{"name":"wp","href":"https:\/\/api.w.org\/{rel}","templated":true}]}}